{"id":2645,"date":"2016-03-17T09:04:33","date_gmt":"2016-03-17T09:04:33","guid":{"rendered":"https:\/\/electro.madrasthemes.com\/?post_type=product&amp;p=2645"},"modified":"2026-01-13T10:42:06","modified_gmt":"2026-01-13T15:42:06","slug":"notebook-widescreen-z51-70-80k6013upb","status":"publish","type":"product","link":"https:\/\/shopymark.co\/index.php\/product\/notebook-widescreen-z51-70-80k6013upb\/","title":{"rendered":"Notebook Widescreen Z51-70  80K6013UPB"},"content":{"rendered":"<p>&nbsp;<br \/>\n<img fetchpriority=\"high\" decoding=\"async\" class=\"alignnone wp-image-2994 size-large\" src=\"https:\/\/demo.madrasthemes.com\/demo-2\/wp-content\/uploads\/sites\/50\/2018\/10\/electro-description-placeholder-3.png\" alt=\"overview_hero_2x\" width=\"1024\" height=\"430\" \/><\/p>\n<p>A groundbreaking Retina display. Powerful dual-core and quad-core Intel processors. Fast flash storage. High-performance graphics. Great built-in apps. And now in the 13-inch model, a revolutionary new Force Touch trackpad and even longer battery life.1 Whatever you can imagine, MacBook Pro with Retina display gives you the power to create.<\/p>\n<p>The design of MacBook Pro packs a lot of power into not a lot of space. Because we believe that high performance shouldn\u2019t come at the expense of portability. And despite being so compact, the new 13-inch and 15-inch MacBook Pro with Retina display models now deliver up to 10 hours and nine hours of battery life, respectively \u2014 an hour more than the previous models.<\/p>\n<p><img decoding=\"async\" class=\"alignnone wp-image-2993 size-full\" src=\"https:\/\/demo.madrasthemes.com\/demo-2\/wp-content\/uploads\/sites\/50\/2018\/10\/electro-description-placeholder-3.png\" alt=\"hero_large_2x\" width=\"1956\" height=\"724\" \/><\/p>\n<p>With Multi-Touch in OS X, you can use realistic gestures like swiping or pinching to switch between apps, navigate your content and get the most out of your desktop space.<\/p>\n<p>The new Force Touch trackpad takes all the capabilities of Multi-Touch and adds force sensors that detect subtle differences in the amount of downward pressure you apply. This lets you have a deeper connection to your content, bringing more functionality to your fingertip. It also introduces haptic feedback to MacBook Pro \u2014 allowing you to not just see what\u2019s happening on the screen, but to feel it.<\/p>\n","protected":false},"excerpt":{"rendered":"<ul>\n<li>4.5 inch HD Screen<\/li>\n<li>Android 4.4 KitKat OS<\/li>\n<li>1.4 GHz Quad Core\u2122 Processor<\/li>\n<li>3GB Ram<\/li>\n<\/ul>\n","protected":false},"featured_media":4985,"comment_status":"open","ping_status":"closed","template":"","meta":{"_acf_changed":false,"_eb_attr":""},"product_brand":[],"product_cat":[117],"product_tag":[],"supplier":[],"class_list":{"0":"post-2645","1":"product","2":"type-product","3":"status-publish","4":"has-post-thumbnail","6":"product_cat-gorras-hombre","8":"first","9":"instock","10":"shipping-taxable","11":"purchasable","12":"product-type-simple"},"acf":[],"yoast_head":"<!-- This site is optimized with the Yoast SEO plugin v26.7 - https:\/\/yoast.com\/wordpress\/plugins\/seo\/ -->\n<title>Notebook Widescreen Z51-70 80K6013UPB - ShopyMark<\/title>\n<meta name=\"robots\" content=\"index, follow, max-snippet:-1, max-image-preview:large, max-video-preview:-1\" \/>\n<link rel=\"canonical\" href=\"https:\/\/shopymark.co\/index.php\/product\/notebook-widescreen-z51-70-80k6013upb\/\" \/>\n<meta property=\"og:locale\" content=\"es_ES\" \/>\n<meta property=\"og:type\" content=\"article\" \/>\n<meta property=\"og:title\" content=\"Notebook Widescreen Z51-70 80K6013UPB - ShopyMark\" \/>\n<meta property=\"og:description\" content=\"4.5 inch HD Screen Android 4.4 KitKat OS 1.4 GHz Quad Core\u2122 Processor 3GB Ram\" \/>\n<meta property=\"og:url\" content=\"https:\/\/shopymark.co\/index.php\/product\/notebook-widescreen-z51-70-80k6013upb\/\" \/>\n<meta property=\"og:site_name\" content=\"ShopyMark\" \/>\n<meta property=\"article:modified_time\" content=\"2026-01-13T15:42:06+00:00\" \/>\n<meta property=\"og:image\" content=\"https:\/\/shopymark.co\/wp-content\/uploads\/2018\/10\/electro-placeholder.png\" \/>\n\t<meta property=\"og:image:width\" content=\"720\" \/>\n\t<meta property=\"og:image:height\" content=\"660\" \/>\n\t<meta property=\"og:image:type\" content=\"image\/png\" \/>\n<meta name=\"twitter:card\" content=\"summary_large_image\" \/>\n<meta name=\"twitter:label1\" content=\"Tiempo de lectura\" \/>\n\t<meta name=\"twitter:data1\" content=\"1 minuto\" \/>\n<script type=\"application\/ld+json\" class=\"yoast-schema-graph\">{\"@context\":\"https:\/\/schema.org\",\"@graph\":[{\"@type\":\"WebPage\",\"@id\":\"https:\/\/shopymark.co\/index.php\/product\/notebook-widescreen-z51-70-80k6013upb\/\",\"url\":\"https:\/\/shopymark.co\/index.php\/product\/notebook-widescreen-z51-70-80k6013upb\/\",\"name\":\"Notebook Widescreen Z51-70 80K6013UPB - ShopyMark\",\"isPartOf\":{\"@id\":\"https:\/\/shopymark.co\/#website\"},\"primaryImageOfPage\":{\"@id\":\"https:\/\/shopymark.co\/index.php\/product\/notebook-widescreen-z51-70-80k6013upb\/#primaryimage\"},\"image\":{\"@id\":\"https:\/\/shopymark.co\/index.php\/product\/notebook-widescreen-z51-70-80k6013upb\/#primaryimage\"},\"thumbnailUrl\":\"https:\/\/shopymark.co\/wp-content\/uploads\/2018\/10\/electro-placeholder.png\",\"datePublished\":\"2016-03-17T09:04:33+00:00\",\"dateModified\":\"2026-01-13T15:42:06+00:00\",\"breadcrumb\":{\"@id\":\"https:\/\/shopymark.co\/index.php\/product\/notebook-widescreen-z51-70-80k6013upb\/#breadcrumb\"},\"inLanguage\":\"es-CO\",\"potentialAction\":[{\"@type\":\"ReadAction\",\"target\":[\"https:\/\/shopymark.co\/index.php\/product\/notebook-widescreen-z51-70-80k6013upb\/\"]}]},{\"@type\":\"ImageObject\",\"inLanguage\":\"es-CO\",\"@id\":\"https:\/\/shopymark.co\/index.php\/product\/notebook-widescreen-z51-70-80k6013upb\/#primaryimage\",\"url\":\"https:\/\/shopymark.co\/wp-content\/uploads\/2018\/10\/electro-placeholder.png\",\"contentUrl\":\"https:\/\/shopymark.co\/wp-content\/uploads\/2018\/10\/electro-placeholder.png\",\"width\":720,\"height\":660},{\"@type\":\"BreadcrumbList\",\"@id\":\"https:\/\/shopymark.co\/index.php\/product\/notebook-widescreen-z51-70-80k6013upb\/#breadcrumb\",\"itemListElement\":[{\"@type\":\"ListItem\",\"position\":1,\"name\":\"Inicio\",\"item\":\"https:\/\/shopymark.co\/\"},{\"@type\":\"ListItem\",\"position\":2,\"name\":\"Shop\",\"item\":\"https:\/\/shopymark.co\/index.php\/shop-2\/\"},{\"@type\":\"ListItem\",\"position\":3,\"name\":\"Notebook Widescreen Z51-70 80K6013UPB\"}]},{\"@type\":\"WebSite\",\"@id\":\"https:\/\/shopymark.co\/#website\",\"url\":\"https:\/\/shopymark.co\/\",\"name\":\"ShopyMark\",\"description\":\"Tienda en l\u00ednea donde encontrar\u00e1s Ropa | Art\u00edculos electr\u00f3nicos | Zapatos | Accesorios para celular | Art\u00edculos para el hogar | Productos importados y marcas locales\",\"potentialAction\":[{\"@type\":\"SearchAction\",\"target\":{\"@type\":\"EntryPoint\",\"urlTemplate\":\"https:\/\/shopymark.co\/?s={search_term_string}\"},\"query-input\":{\"@type\":\"PropertyValueSpecification\",\"valueRequired\":true,\"valueName\":\"search_term_string\"}}],\"inLanguage\":\"es-CO\"}]}<\/script>\n<!-- \/ Yoast SEO plugin. -->","yoast_head_json":{"title":"Notebook Widescreen Z51-70 80K6013UPB - ShopyMark","robots":{"index":"index","follow":"follow","max-snippet":"max-snippet:-1","max-image-preview":"max-image-preview:large","max-video-preview":"max-video-preview:-1"},"canonical":"https:\/\/shopymark.co\/index.php\/product\/notebook-widescreen-z51-70-80k6013upb\/","og_locale":"es_ES","og_type":"article","og_title":"Notebook Widescreen Z51-70 80K6013UPB - ShopyMark","og_description":"4.5 inch HD Screen Android 4.4 KitKat OS 1.4 GHz Quad Core\u2122 Processor 3GB Ram","og_url":"https:\/\/shopymark.co\/index.php\/product\/notebook-widescreen-z51-70-80k6013upb\/","og_site_name":"ShopyMark","article_modified_time":"2026-01-13T15:42:06+00:00","og_image":[{"width":720,"height":660,"url":"https:\/\/shopymark.co\/wp-content\/uploads\/2018\/10\/electro-placeholder.png","type":"image\/png"}],"twitter_card":"summary_large_image","twitter_misc":{"Tiempo de lectura":"1 minuto"},"schema":{"@context":"https:\/\/schema.org","@graph":[{"@type":"WebPage","@id":"https:\/\/shopymark.co\/index.php\/product\/notebook-widescreen-z51-70-80k6013upb\/","url":"https:\/\/shopymark.co\/index.php\/product\/notebook-widescreen-z51-70-80k6013upb\/","name":"Notebook Widescreen Z51-70 80K6013UPB - ShopyMark","isPartOf":{"@id":"https:\/\/shopymark.co\/#website"},"primaryImageOfPage":{"@id":"https:\/\/shopymark.co\/index.php\/product\/notebook-widescreen-z51-70-80k6013upb\/#primaryimage"},"image":{"@id":"https:\/\/shopymark.co\/index.php\/product\/notebook-widescreen-z51-70-80k6013upb\/#primaryimage"},"thumbnailUrl":"https:\/\/shopymark.co\/wp-content\/uploads\/2018\/10\/electro-placeholder.png","datePublished":"2016-03-17T09:04:33+00:00","dateModified":"2026-01-13T15:42:06+00:00","breadcrumb":{"@id":"https:\/\/shopymark.co\/index.php\/product\/notebook-widescreen-z51-70-80k6013upb\/#breadcrumb"},"inLanguage":"es-CO","potentialAction":[{"@type":"ReadAction","target":["https:\/\/shopymark.co\/index.php\/product\/notebook-widescreen-z51-70-80k6013upb\/"]}]},{"@type":"ImageObject","inLanguage":"es-CO","@id":"https:\/\/shopymark.co\/index.php\/product\/notebook-widescreen-z51-70-80k6013upb\/#primaryimage","url":"https:\/\/shopymark.co\/wp-content\/uploads\/2018\/10\/electro-placeholder.png","contentUrl":"https:\/\/shopymark.co\/wp-content\/uploads\/2018\/10\/electro-placeholder.png","width":720,"height":660},{"@type":"BreadcrumbList","@id":"https:\/\/shopymark.co\/index.php\/product\/notebook-widescreen-z51-70-80k6013upb\/#breadcrumb","itemListElement":[{"@type":"ListItem","position":1,"name":"Inicio","item":"https:\/\/shopymark.co\/"},{"@type":"ListItem","position":2,"name":"Shop","item":"https:\/\/shopymark.co\/index.php\/shop-2\/"},{"@type":"ListItem","position":3,"name":"Notebook Widescreen Z51-70 80K6013UPB"}]},{"@type":"WebSite","@id":"https:\/\/shopymark.co\/#website","url":"https:\/\/shopymark.co\/","name":"ShopyMark","description":"Tienda en l\u00ednea donde encontrar\u00e1s Ropa | Art\u00edculos electr\u00f3nicos | Zapatos | Accesorios para celular | Art\u00edculos para el hogar | Productos importados y marcas locales","potentialAction":[{"@type":"SearchAction","target":{"@type":"EntryPoint","urlTemplate":"https:\/\/shopymark.co\/?s={search_term_string}"},"query-input":{"@type":"PropertyValueSpecification","valueRequired":true,"valueName":"search_term_string"}}],"inLanguage":"es-CO"}]}},"_links":{"self":[{"href":"https:\/\/shopymark.co\/index.php\/wp-json\/wp\/v2\/product\/2645","targetHints":{"allow":["GET"]}}],"collection":[{"href":"https:\/\/shopymark.co\/index.php\/wp-json\/wp\/v2\/product"}],"about":[{"href":"https:\/\/shopymark.co\/index.php\/wp-json\/wp\/v2\/types\/product"}],"replies":[{"embeddable":true,"href":"https:\/\/shopymark.co\/index.php\/wp-json\/wp\/v2\/comments?post=2645"}],"wp:featuredmedia":[{"embeddable":true,"href":"https:\/\/shopymark.co\/index.php\/wp-json\/wp\/v2\/media\/4985"}],"wp:attachment":[{"href":"https:\/\/shopymark.co\/index.php\/wp-json\/wp\/v2\/media?parent=2645"}],"wp:term":[{"taxonomy":"product_brand","embeddable":true,"href":"https:\/\/shopymark.co\/index.php\/wp-json\/wp\/v2\/product_brand?post=2645"},{"taxonomy":"product_cat","embeddable":true,"href":"https:\/\/shopymark.co\/index.php\/wp-json\/wp\/v2\/product_cat?post=2645"},{"taxonomy":"product_tag","embeddable":true,"href":"https:\/\/shopymark.co\/index.php\/wp-json\/wp\/v2\/product_tag?post=2645"},{"taxonomy":"supplier","embeddable":true,"href":"https:\/\/shopymark.co\/index.php\/wp-json\/wp\/v2\/supplier?post=2645"}],"curies":[{"name":"wp","href":"https:\/\/api.w.org\/{rel}","templated":true}]}}